{"id":3424,"date":"2020-02-25T18:27:56","date_gmt":"2020-02-25T18:27:56","guid":{"rendered":"http:\/\/tastasty.com\/izdelek\/slasten-vsakdan\/"},"modified":"2021-01-10T10:38:37","modified_gmt":"2021-01-10T10:38:37","slug":"slasten-vsakdan","status":"publish","type":"product","link":"https:\/\/tastasty.com\/en\/izdelek\/slasten-vsakdan\/","title":{"rendered":"Slasten vsakdan"},"content":{"rendered":"<p><div class=\"fusion-fullwidth fullwidth-box fusion-builder-row-1 nonhundred-percent-fullwidth non-hundred-percent-height-scrolling\" style=\"background-color: rgba(255,255,255,0);background-position: center center;background-repeat: no-repeat;padding-top:0px;padding-right:0px;padding-bottom:0px;padding-left:0px;margin-bottom: 0px;margin-top: 0px;border-width: 0px 0px 0px 0px;border-color:#e2e2e2;border-style:solid;\" ><div class=\"fusion-builder-row fusion-row\"><div class=\"fusion-layout-column fusion_builder_column fusion-builder-column-0 fusion_builder_column_1_1 1_1 fusion-one-full fusion-column-first fusion-column-last\" style=\"margin-top:0px;margin-bottom:20px;\"><div class=\"fusion-column-wrapper fusion-flex-column-wrapper-legacy\" style=\"background-position:left top;background-repeat:no-repeat;-webkit-background-size:cover;-moz-background-size:cover;-o-background-size:cover;background-size:cover;padding: 0px 0px 0px 0px;\"><div class=\"fusion-text fusion-text-1\"><h2>Slasten vsakdan v velikosti A5 vsebuje:<\/h2>\n<\/div><div class=\"fusion-clearfix\"><\/div><\/div><\/div><\/div><\/div><div class=\"fusion-fullwidth fullwidth-box fusion-builder-row-2 nonhundred-percent-fullwidth non-hundred-percent-height-scrolling\" style=\"background-color: rgba(255,255,255,0);background-position: center center;background-repeat: no-repeat;padding-top:0px;padding-right:0px;padding-bottom:0px;padding-left:0px;margin-bottom: 0px;margin-top: 0px;border-width: 0px 0px 0px 0px;border-color:#e2e2e2;border-style:solid;\" ><div class=\"fusion-builder-row fusion-row\"><div class=\"fusion-layout-column fusion_builder_column fusion-builder-column-1 fusion_builder_column_1_1 1_1 fusion-one-full fusion-column-first fusion-column-last\" style=\"margin-top:0px;margin-bottom:20px;\"><div class=\"fusion-column-wrapper fusion-flex-column-wrapper-legacy\" style=\"background-position:left top;background-repeat:no-repeat;-webkit-background-size:cover;-moz-background-size:cover;-o-background-size:cover;background-size:cover;padding: 0px 0px 0px 0px;\"><ul class=\"fusion-checklist fusion-checklist-1 fusion-checklist-divider\" style=\"font-size:20px;line-height:34px;\"><li class=\"fusion-li-item\" style=\"border-bottom-color:rgba(147,118,132,0.21)\"><span style=\"height:34px;width:34px;margin-right:14px;\" class=\"icon-wrapper circle-no\"><i class=\"fusion-li-icon fa-check fas\" style=\"color:#937684;\" aria-hidden=\"true\"><\/i><\/span><div class=\"fusion-li-item-content\" style=\"margin-left:48px;\">175 strani<\/div><\/li><li class=\"fusion-li-item\" style=\"border-bottom-color:rgba(147,118,132,0.21)\"><span style=\"height:34px;width:34px;margin-right:14px;\" class=\"icon-wrapper circle-no\"><i class=\"fusion-li-icon fa-check fas\" style=\"color:#937684;\" aria-hidden=\"true\"><\/i><\/span><div class=\"fusion-li-item-content\" style=\"margin-left:48px;\">52 tabel za tedensko na\u010drtovanje obrokov (vklju\u010duje seznam za v trgovino)<\/div><\/li><li class=\"fusion-li-item\" style=\"border-bottom-color:rgba(147,118,132,0.21)\"><span style=\"height:34px;width:34px;margin-right:14px;\" class=\"icon-wrapper circle-no\"><i class=\"fusion-li-icon fa-check fas\" style=\"color:#937684;\" aria-hidden=\"true\"><\/i><\/span><div class=\"fusion-li-item-content\" style=\"margin-left:48px;\">10 okusnih receptov za navdih<\/div><\/li><li class=\"fusion-li-item\" style=\"border-bottom-color:rgba(147,118,132,0.21)\"><span style=\"height:34px;width:34px;margin-right:14px;\" class=\"icon-wrapper circle-no\"><i class=\"fusion-li-icon fa-check fas\" style=\"color:#937684;\" aria-hidden=\"true\"><\/i><\/span><div class=\"fusion-li-item-content\" style=\"margin-left:48px;\">20 strani za zapis lastnih receptov<\/div><\/li><\/ul><ul class=\"fusion-checklist fusion-checklist-2 fusion-checklist-divider\" style=\"font-size:20px;line-height:34px;\"><li class=\"fusion-li-item\" style=\"border-bottom-color:rgba(147,118,132,0.21)\"><span style=\"height:34px;width:34px;margin-right:14px;\" class=\"icon-wrapper circle-no\"><i class=\"fusion-li-icon fa-check fas\" style=\"color:#937684;\" aria-hidden=\"true\"><\/i><\/span><div class=\"fusion-li-item-content\" style=\"margin-left:48px;\">skico za postavitev mize<\/div><\/li><li class=\"fusion-li-item\" style=\"border-bottom-color:rgba(147,118,132,0.21)\"><span style=\"height:34px;width:34px;margin-right:14px;\" class=\"icon-wrapper circle-no\"><i class=\"fusion-li-icon fa-check fas\" style=\"color:#937684;\" aria-hidden=\"true\"><\/i><\/span><div class=\"fusion-li-item-content\" style=\"margin-left:48px;\">7 strani za na\u010drtovanje posebnih menijev<\/div><\/li><li class=\"fusion-li-item\" style=\"border-bottom-color:rgba(147,118,132,0.21)\"><span style=\"height:34px;width:34px;margin-right:14px;\" class=\"icon-wrapper circle-no\"><i class=\"fusion-li-icon fa-check fas\" style=\"color:#937684;\" aria-hidden=\"true\"><\/i><\/span><div class=\"fusion-li-item-content\" style=\"margin-left:48px;\">seznam sadja in zelenjave v sezoni<\/div><\/li><li class=\"fusion-li-item\" style=\"border-bottom-color:rgba(147,118,132,0.21)\"><span style=\"height:34px;width:34px;margin-right:14px;\" class=\"icon-wrapper circle-no\"><i class=\"fusion-li-icon fa-check fas\" style=\"color:#937684;\" aria-hidden=\"true\"><\/i><\/span><div class=\"fusion-li-item-content\" style=\"margin-left:48px;\">in \u0161e kaj<\/div><\/li><\/ul><div class=\"fusion-clearfix\"><\/div><\/div><\/div><\/div><\/div><div class=\"fusion-fullwidth fullwidth-box fusion-builder-row-3 nonhundred-percent-fullwidth non-hundred-percent-height-scrolling\" style=\"background-color: rgba(255,255,255,0);background-position: center center;background-repeat: no-repeat;padding-top:0px;padding-right:0px;padding-bottom:0px;padding-left:0px;margin-bottom: 0px;margin-top: 0px;border-width: 0px 0px 0px 0px;border-color:#e2e2e2;border-style:solid;\" ><div class=\"fusion-builder-row fusion-row\"><div class=\"fusion-layout-column fusion_builder_column fusion-builder-column-2 fusion_builder_column_1_1 1_1 fusion-one-full fusion-column-first fusion-column-last\" style=\"margin-top:0px;margin-bottom:0px;\"><div class=\"fusion-column-wrapper fusion-flex-column-wrapper-legacy\" style=\"background-position:left top;background-repeat:no-repeat;-webkit-background-size:cover;-moz-background-size:cover;-o-background-size:cover;background-size:cover;padding: 0px 0px 0px 0px;\"><div class=\"fusion-text fusion-text-2\"><p>Prikupen pripomo\u010dek za organizacijo tedenskih obrokov<\/p>\n<p>Namenjen je vsem, ki se radi ukvarjate s hrano, kuhate ali \u017eelite bolj organizirano pripravo obrokov. Odli\u010dno se obnese tudi za tiste, ki imajo v prehrani dolo\u010dene omejitve in morajo biti bolj pozorni pri pripravi obrokov.<\/p>\n<p>Slasten vsakdan s \u010dasom uporabe postane osebni arhiv prehranjevanja, iz katerega lahko podrobno spoznate svoje prehranjevalne navade in jih po \u017eelji spremenite. Iz njega lahko \u010drpate ideje za obroke v prihodnosti. Z njegovo pomo\u010djo boste prihranili \u010das in denar, po\u010dutili se boste bolj motivirani, polni energije in sre\u010dni.<\/p>\n<\/div><div class=\"fusion-clearfix\"><\/div><\/div><\/div><\/div><\/div><\/p>\n","protected":false},"excerpt":{"rendered":"<p><strong>Slasten vsakdan je prikupen pripomo\u010dek za organizacijo tedenskih obrokov.<\/strong><\/p>\n<blockquote><p>Narejeno v Sloveniji.<\/p>\n<p>Rok dobave je v 5-ih dneh po prejemu pla\u010dila. Izdelek bo poslan po po\u0161ti.<\/p><\/blockquote>\n","protected":false},"featured_media":3425,"comment_status":"open","ping_status":"closed","template":"","meta":{"wprm-recipe-roundup-name":"","wprm-recipe-roundup-description":""},"product_cat":[716],"product_tag":[],"yoast_head":"<!-- This site is optimized with the Yoast SEO plugin v21.7 - https:\/\/yoast.com\/wordpress\/plugins\/seo\/ -->\n<title>Slasten vsakdan | T as Tasty<\/title>\n<meta name=\"description\" content=\"Pripomo\u010dek za organizacijo tedenskih obrokov, vklju\u010duje navodila, tabele za na\u010drtovanje, recepte in \u0161e kaj.\" \/>\n<meta name=\"robots\" content=\"index, follow, max-snippet:-1, max-image-preview:large, max-video-preview:-1\" \/>\n<link rel=\"canonical\" href=\"https:\/\/tastasty.com\/izdelek\/slasten-vsakdan\/\" \/>\n<meta property=\"og:locale\" content=\"en_US\" \/>\n<meta property=\"og:type\" content=\"article\" \/>\n<meta property=\"og:title\" content=\"Slasten vsakdan | T as Tasty\" \/>\n<meta property=\"og:description\" content=\"Pripomo\u010dek za organizacijo tedenskih obrokov, vklju\u010duje navodila, tabele za na\u010drtovanje, recepte in \u0161e kaj.\" \/>\n<meta property=\"og:url\" content=\"https:\/\/tastasty.com\/izdelek\/slasten-vsakdan\/\" \/>\n<meta property=\"og:site_name\" content=\"T as Tasty\" \/>\n<meta property=\"article:modified_time\" content=\"2021-01-10T10:38:37+00:00\" \/>\n<meta property=\"og:image\" content=\"https:\/\/tastasty.com\/wp-content\/uploads\/2020\/02\/slasten-vsakdan.jpg\" \/>\n\t<meta property=\"og:image:width\" content=\"439\" \/>\n\t<meta property=\"og:image:height\" content=\"620\" \/>\n\t<meta property=\"og:image:type\" content=\"image\/jpeg\" \/>\n<meta name=\"twitter:card\" content=\"summary_large_image\" \/>\n<meta name=\"twitter:label1\" content=\"Est. reading time\" \/>\n\t<meta name=\"twitter:data1\" content=\"6 minutes\" \/>\n<script type=\"application\/ld+json\" class=\"yoast-schema-graph\">{\"@context\":\"https:\/\/schema.org\",\"@graph\":[{\"@type\":\"WebPage\",\"@id\":\"https:\/\/tastasty.com\/izdelek\/slasten-vsakdan\/\",\"url\":\"https:\/\/tastasty.com\/izdelek\/slasten-vsakdan\/\",\"name\":\"Slasten vsakdan | T as Tasty\",\"isPartOf\":{\"@id\":\"https:\/\/tastasty.com\/#website\"},\"datePublished\":\"2020-02-25T18:27:56+00:00\",\"dateModified\":\"2021-01-10T10:38:37+00:00\",\"description\":\"Pripomo\u010dek za organizacijo tedenskih obrokov, vklju\u010duje navodila, tabele za na\u010drtovanje, recepte in \u0161e kaj.\",\"breadcrumb\":{\"@id\":\"https:\/\/tastasty.com\/izdelek\/slasten-vsakdan\/#breadcrumb\"},\"inLanguage\":\"en-US\",\"potentialAction\":[{\"@type\":\"ReadAction\",\"target\":[\"https:\/\/tastasty.com\/izdelek\/slasten-vsakdan\/\"]}]},{\"@type\":\"BreadcrumbList\",\"@id\":\"https:\/\/tastasty.com\/izdelek\/slasten-vsakdan\/#breadcrumb\",\"itemListElement\":[{\"@type\":\"ListItem\",\"position\":1,\"name\":\"Home\",\"item\":\"https:\/\/tastasty.com\/en\/\"},{\"@type\":\"ListItem\",\"position\":2,\"name\":\"Shop\",\"item\":\"https:\/\/tastasty.com\/trgovina\/\"},{\"@type\":\"ListItem\",\"position\":3,\"name\":\"Slasten vsakdan\"}]},{\"@type\":\"WebSite\",\"@id\":\"https:\/\/tastasty.com\/#website\",\"url\":\"https:\/\/tastasty.com\/\",\"name\":\"T as Tasty\",\"description\":\"Sodobna spletna kuharica\",\"publisher\":{\"@id\":\"https:\/\/tastasty.com\/#\/schema\/person\/b98b0eb05da9b8fbd7686c070eea271c\"},\"potentialAction\":[{\"@type\":\"SearchAction\",\"target\":{\"@type\":\"EntryPoint\",\"urlTemplate\":\"https:\/\/tastasty.com\/?s={search_term_string}\"},\"query-input\":\"required name=search_term_string\"}],\"inLanguage\":\"en-US\"},{\"@type\":[\"Person\",\"Organization\"],\"@id\":\"https:\/\/tastasty.com\/#\/schema\/person\/b98b0eb05da9b8fbd7686c070eea271c\",\"name\":\"Tamara\",\"image\":{\"@type\":\"ImageObject\",\"inLanguage\":\"en-US\",\"@id\":\"https:\/\/tastasty.com\/#\/schema\/person\/image\/\",\"url\":\"https:\/\/tastasty.com\/wp-content\/uploads\/2020\/02\/tamara1.jpg\",\"contentUrl\":\"https:\/\/tastasty.com\/wp-content\/uploads\/2020\/02\/tamara1.jpg\",\"width\":740,\"height\":500,\"caption\":\"Tamara\"},\"logo\":{\"@id\":\"https:\/\/tastasty.com\/#\/schema\/person\/image\/\"},\"description\":\"T as Tasty creator: I am a foodblogger, recipe creator, photographer, social media manager and content creator. But the most important thing in my life is being a mom to two amazing little boys. More about me\"}]}<\/script>\n<!-- \/ Yoast SEO plugin. -->","yoast_head_json":{"title":"Slasten vsakdan | T as Tasty","description":"Pripomo\u010dek za organizacijo tedenskih obrokov, vklju\u010duje navodila, tabele za na\u010drtovanje, recepte in \u0161e kaj.","robots":{"index":"index","follow":"follow","max-snippet":"max-snippet:-1","max-image-preview":"max-image-preview:large","max-video-preview":"max-video-preview:-1"},"canonical":"https:\/\/tastasty.com\/izdelek\/slasten-vsakdan\/","og_locale":"en_US","og_type":"article","og_title":"Slasten vsakdan | T as Tasty","og_description":"Pripomo\u010dek za organizacijo tedenskih obrokov, vklju\u010duje navodila, tabele za na\u010drtovanje, recepte in \u0161e kaj.","og_url":"https:\/\/tastasty.com\/izdelek\/slasten-vsakdan\/","og_site_name":"T as Tasty","article_modified_time":"2021-01-10T10:38:37+00:00","og_image":[{"width":439,"height":620,"url":"https:\/\/tastasty.com\/wp-content\/uploads\/2020\/02\/slasten-vsakdan.jpg","type":"image\/jpeg"}],"twitter_card":"summary_large_image","twitter_misc":{"Est. reading time":"6 minutes"},"schema":{"@context":"https:\/\/schema.org","@graph":[{"@type":"WebPage","@id":"https:\/\/tastasty.com\/izdelek\/slasten-vsakdan\/","url":"https:\/\/tastasty.com\/izdelek\/slasten-vsakdan\/","name":"Slasten vsakdan | T as Tasty","isPartOf":{"@id":"https:\/\/tastasty.com\/#website"},"datePublished":"2020-02-25T18:27:56+00:00","dateModified":"2021-01-10T10:38:37+00:00","description":"Pripomo\u010dek za organizacijo tedenskih obrokov, vklju\u010duje navodila, tabele za na\u010drtovanje, recepte in \u0161e kaj.","breadcrumb":{"@id":"https:\/\/tastasty.com\/izdelek\/slasten-vsakdan\/#breadcrumb"},"inLanguage":"en-US","potentialAction":[{"@type":"ReadAction","target":["https:\/\/tastasty.com\/izdelek\/slasten-vsakdan\/"]}]},{"@type":"BreadcrumbList","@id":"https:\/\/tastasty.com\/izdelek\/slasten-vsakdan\/#breadcrumb","itemListElement":[{"@type":"ListItem","position":1,"name":"Home","item":"https:\/\/tastasty.com\/en\/"},{"@type":"ListItem","position":2,"name":"Shop","item":"https:\/\/tastasty.com\/trgovina\/"},{"@type":"ListItem","position":3,"name":"Slasten vsakdan"}]},{"@type":"WebSite","@id":"https:\/\/tastasty.com\/#website","url":"https:\/\/tastasty.com\/","name":"T as Tasty","description":"Sodobna spletna kuharica","publisher":{"@id":"https:\/\/tastasty.com\/#\/schema\/person\/b98b0eb05da9b8fbd7686c070eea271c"},"potentialAction":[{"@type":"SearchAction","target":{"@type":"EntryPoint","urlTemplate":"https:\/\/tastasty.com\/?s={search_term_string}"},"query-input":"required name=search_term_string"}],"inLanguage":"en-US"},{"@type":["Person","Organization"],"@id":"https:\/\/tastasty.com\/#\/schema\/person\/b98b0eb05da9b8fbd7686c070eea271c","name":"Tamara","image":{"@type":"ImageObject","inLanguage":"en-US","@id":"https:\/\/tastasty.com\/#\/schema\/person\/image\/","url":"https:\/\/tastasty.com\/wp-content\/uploads\/2020\/02\/tamara1.jpg","contentUrl":"https:\/\/tastasty.com\/wp-content\/uploads\/2020\/02\/tamara1.jpg","width":740,"height":500,"caption":"Tamara"},"logo":{"@id":"https:\/\/tastasty.com\/#\/schema\/person\/image\/"},"description":"T as Tasty creator: I am a foodblogger, recipe creator, photographer, social media manager and content creator. But the most important thing in my life is being a mom to two amazing little boys. More about me"}]}},"_links":{"self":[{"href":"https:\/\/tastasty.com\/en\/wp-json\/wp\/v2\/product\/3424"}],"collection":[{"href":"https:\/\/tastasty.com\/en\/wp-json\/wp\/v2\/product"}],"about":[{"href":"https:\/\/tastasty.com\/en\/wp-json\/wp\/v2\/types\/product"}],"replies":[{"embeddable":true,"href":"https:\/\/tastasty.com\/en\/wp-json\/wp\/v2\/comments?post=3424"}],"wp:featuredmedia":[{"embeddable":true,"href":"https:\/\/tastasty.com\/en\/wp-json\/wp\/v2\/media\/3425"}],"wp:attachment":[{"href":"https:\/\/tastasty.com\/en\/wp-json\/wp\/v2\/media?parent=3424"}],"wp:term":[{"taxonomy":"product_cat","embeddable":true,"href":"https:\/\/tastasty.com\/en\/wp-json\/wp\/v2\/product_cat?post=3424"},{"taxonomy":"product_tag","embeddable":true,"href":"https:\/\/tastasty.com\/en\/wp-json\/wp\/v2\/product_tag?post=3424"}],"curies":[{"name":"wp","href":"https:\/\/api.w.org\/{rel}","templated":true}]}}